{"id":1478,"date":"2024-10-27T13:48:15","date_gmt":"2024-10-27T13:48:15","guid":{"rendered":"https:\/\/candyspinzonline.com\/aktionen\/"},"modified":"2025-07-28T10:52:19","modified_gmt":"2025-07-28T09:52:19","slug":"bonus","status":"publish","type":"page","link":"https:\/\/candyspinzonline.com\/pt-pt\/bonus\/","title":{"rendered":"B\u00f3nus"},"content":{"rendered":"<h1>C\u00f3digos de B\u00f3nus de Candyspinz<\/h1>\n<p>Est\u00e1 preparado para entrar no mundo de Candyspinz Portugal? Comece a sua aventura no Casino Candy Spinz com os nossos c\u00f3digos promocionais para os melhores b\u00f3nus!<\/p>\n<p>Desde b\u00f3nus em dinheiro a rodadas gr\u00e1tis, existe uma imensid\u00e3o de ofertas para explorar neste casino online.<\/p>\n<p>Comece por visitar a nossa p\u00e1gina, crie a sua conta em apenas uns meros segundos e use os c\u00f3digos promocionais dispon\u00edveis para entrar logo a ganhar.<\/p>\n<p>Os jogadores Portugueses v\u00e3o agora poder usufruir dos benef\u00edcios de fazer parte de um dos melhores casinos online do mercado, com apetec\u00edveis b\u00f3nus de boas-vindas, que atraem at\u00e9 os mais c\u00e9pticos; doces promo\u00e7\u00f5es que o mant\u00e9m motivado, e ofertas t\u00e3o boas quanto chocolate.<\/p>\n<p>N\u00e3o deixe de explorar tudo o que Candyspinz Portugal tem para oferecer, num ambiente seguro e tentador! Crie agora mesmo a sua conta e veja com os seus pr\u00f3prios olhos.<\/p>\n<p><span style=\"font-size: 16px;\"><div class=\"promotions-wrap\"><div class=\"promotion-card\" style=\"background-image: url(https:\/\/candyspinzonline.com\/wp-content\/uploads\/2025\/03\/Candyspinz-promocards-300\u0445300-9.png);\"><h2 class=\"promotion-card__title\">B\u00f3nus de Primeiro Dep\u00f3sito<\/h2><div class=\"promotion-card__offer\">100% at\u00e9 500\u20ac e 100 Rodadas Gr\u00e1tis<\/div><div class=\"promotion-card__description\"><\/div><div class=\"promotion-card__actions\"><button data-item=\"payments_link\" data-group=\"website_links\" class=\"goto btn btn-orange rounded-pill fw-bold px-4 m-button m-gradient-border m-button--primary m-button--large promotion-button promotion-card__action-btn\" aria-label=\"Inscreva-se agora\"><div class=\"m-button-content\"><span class=\"promotion-button__content\">Inscreva-se agora<\/span><\/div><\/button><button data-item=\"http:\/\/bonus_link\" data-group=\"website_links\" class=\"goto m-button m-gradient-border m-button--secondary m-button--medium promotion-card__info-btn\" aria-label=\"More information\"><div class=\"m-button-content\"><svg viewBox=\"0 0 24 24\" fill=\"none\" xmlns=\"http:\/\/www.w3.org\/2000\/svg\" class=\"m-icon m-icon-loadable\" name=\"Attention\" loading=\"false\" aria-hidden=\"true\"><path d=\"M12 22C6.477 22 2 17.522 2 12S6.477 2 12 2s10 4.478 10 10-4.477 10-10 10m-.002-13.004a.999.999 0 1 0 0-1.997.999.999 0 0 0 0 1.997M12 17a1 1 0 0 0 .993-.884L13 16l-.002-5.001-.007-.117a1 1 0 0 0-1.986 0l-.007.117L11 16l.007.117A1 1 0 0 0 12 17\" fill=\"currentColor\"><\/path><\/svg><\/div><\/button><\/div><\/div><div class=\"promotion-card\" style=\"background-image: url(https:\/\/candyspinzonline.com\/wp-content\/uploads\/2025\/03\/Candyspinz-promocards-300\u0445300-8.png);\"><h2 class=\"promotion-card__title\">B\u00f3nus de Segundo Dep\u00f3sito\t<\/h2><div class=\"promotion-card__offer\">55% at\u00e9 500\u20ac e 100 Rodadas Gr\u00e1tis<\/div><div class=\"promotion-card__description\"><\/div><div class=\"promotion-card__actions\"><button data-item=\"payments_link\" data-group=\"website_links\" class=\"goto btn btn-orange rounded-pill fw-bold px-4 m-button m-gradient-border m-button--primary m-button--large promotion-button promotion-card__action-btn\" aria-label=\"Inscreva-se agora\"><div class=\"m-button-content\"><span class=\"promotion-button__content\">Inscreva-se agora<\/span><\/div><\/button><button data-item=\"http:\/\/bonus_link\" data-group=\"website_links\" class=\"goto m-button m-gradient-border m-button--secondary m-button--medium promotion-card__info-btn\" aria-label=\"More information\"><div class=\"m-button-content\"><svg viewBox=\"0 0 24 24\" fill=\"none\" xmlns=\"http:\/\/www.w3.org\/2000\/svg\" class=\"m-icon m-icon-loadable\" name=\"Attention\" loading=\"false\" aria-hidden=\"true\"><path d=\"M12 22C6.477 22 2 17.522 2 12S6.477 2 12 2s10 4.478 10 10-4.477 10-10 10m-.002-13.004a.999.999 0 1 0 0-1.997.999.999 0 0 0 0 1.997M12 17a1 1 0 0 0 .993-.884L13 16l-.002-5.001-.007-.117a1 1 0 0 0-1.986 0l-.007.117L11 16l.007.117A1 1 0 0 0 12 17\" fill=\"currentColor\"><\/path><\/svg><\/div><\/button><\/div><\/div><div class=\"promotion-card\" style=\"background-image: url(https:\/\/candyspinzonline.com\/wp-content\/uploads\/2025\/03\/Candyspinz-promocards-300\u0445300-2.png);\"><h2 class=\"promotion-card__title\">B\u00f3nus de Terceiro Dep\u00f3sito\t<\/h2><div class=\"promotion-card__offer\">100% at\u00e9 500\u20ac e 100 Rodadas Gr\u00e1tis<\/div><div class=\"promotion-card__description\"><\/div><div class=\"promotion-card__actions\"><button data-item=\"payments_link\" data-group=\"website_links\" class=\"goto btn btn-orange rounded-pill fw-bold px-4 m-button m-gradient-border m-button--primary m-button--large promotion-button promotion-card__action-btn\" aria-label=\"Inscreva-se agora\"><div class=\"m-button-content\"><span class=\"promotion-button__content\">Inscreva-se agora<\/span><\/div><\/button><button data-item=\"http:\/\/bonus_link\" data-group=\"website_links\" class=\"goto m-button m-gradient-border m-button--secondary m-button--medium promotion-card__info-btn\" aria-label=\"More information\"><div class=\"m-button-content\"><svg viewBox=\"0 0 24 24\" fill=\"none\" xmlns=\"http:\/\/www.w3.org\/2000\/svg\" class=\"m-icon m-icon-loadable\" name=\"Attention\" loading=\"false\" aria-hidden=\"true\"><path d=\"M12 22C6.477 22 2 17.522 2 12S6.477 2 12 2s10 4.478 10 10-4.477 10-10 10m-.002-13.004a.999.999 0 1 0 0-1.997.999.999 0 0 0 0 1.997M12 17a1 1 0 0 0 .993-.884L13 16l-.002-5.001-.007-.117a1 1 0 0 0-1.986 0l-.007.117L11 16l.007.117A1 1 0 0 0 12 17\" fill=\"currentColor\"><\/path><\/svg><\/div><\/button><\/div><\/div><div class=\"promotion-card\" style=\"background-image: url(https:\/\/candyspinzonline.com\/wp-content\/uploads\/2025\/03\/Candyspinz-promocards-300\u0445300-4.png);\"><h2 class=\"promotion-card__title\">RAKEBACK<\/h2><div class=\"promotion-card__offer\">at\u00e9 17%<\/div><div class=\"promotion-card__description\"><\/div><div class=\"promotion-card__actions\"><button data-item=\"payments_link\" data-group=\"website_links\" class=\"goto btn btn-orange rounded-pill fw-bold px-4 m-button m-gradient-border m-button--primary m-button--large promotion-button promotion-card__action-btn\" aria-label=\"Inscreva-se agora\"><div class=\"m-button-content\"><span class=\"promotion-button__content\">Inscreva-se agora<\/span><\/div><\/button><button data-item=\"http:\/\/bonus_link\" data-group=\"website_links\" class=\"goto m-button m-gradient-border m-button--secondary m-button--medium promotion-card__info-btn\" aria-label=\"More information\"><div class=\"m-button-content\"><svg viewBox=\"0 0 24 24\" fill=\"none\" xmlns=\"http:\/\/www.w3.org\/2000\/svg\" class=\"m-icon m-icon-loadable\" name=\"Attention\" loading=\"false\" aria-hidden=\"true\"><path d=\"M12 22C6.477 22 2 17.522 2 12S6.477 2 12 2s10 4.478 10 10-4.477 10-10 10m-.002-13.004a.999.999 0 1 0 0-1.997.999.999 0 0 0 0 1.997M12 17a1 1 0 0 0 .993-.884L13 16l-.002-5.001-.007-.117a1 1 0 0 0-1.986 0l-.007.117L11 16l.007.117A1 1 0 0 0 12 17\" fill=\"currentColor\"><\/path><\/svg><\/div><\/button><\/div><\/div><div class=\"promotion-card\" style=\"background-image: url(https:\/\/candyspinzonline.com\/wp-content\/uploads\/2025\/03\/Candyspinz-promocards-300\u0445300-6.png);\"><h2 class=\"promotion-card__title\">Cashback Semanal<\/h2><div class=\"promotion-card__offer\">At\u00e9 25%<\/div><div class=\"promotion-card__description\"><\/div><div class=\"promotion-card__actions\"><button data-item=\"payments_link\" data-group=\"website_links\" class=\"goto btn btn-orange rounded-pill fw-bold px-4 m-button m-gradient-border m-button--primary m-button--large promotion-button promotion-card__action-btn\" aria-label=\"Inscreva-se agora\"><div class=\"m-button-content\"><span class=\"promotion-button__content\">Inscreva-se agora<\/span><\/div><\/button><button data-item=\"http:\/\/bonus_link\" data-group=\"website_links\" class=\"goto m-button m-gradient-border m-button--secondary m-button--medium promotion-card__info-btn\" aria-label=\"More information\"><div class=\"m-button-content\"><svg viewBox=\"0 0 24 24\" fill=\"none\" xmlns=\"http:\/\/www.w3.org\/2000\/svg\" class=\"m-icon m-icon-loadable\" name=\"Attention\" loading=\"false\" aria-hidden=\"true\"><path d=\"M12 22C6.477 22 2 17.522 2 12S6.477 2 12 2s10 4.478 10 10-4.477 10-10 10m-.002-13.004a.999.999 0 1 0 0-1.997.999.999 0 0 0 0 1.997M12 17a1 1 0 0 0 .993-.884L13 16l-.002-5.001-.007-.117a1 1 0 0 0-1.986 0l-.007.117L11 16l.007.117A1 1 0 0 0 12 17\" fill=\"currentColor\"><\/path><\/svg><\/div><\/button><\/div><\/div><div class=\"promotion-card\" style=\"background-image: url(https:\/\/candyspinzonline.com\/wp-content\/uploads\/2025\/03\/Candyspinz-promocards-300\u0445300-5.png);\"><h2 class=\"promotion-card__title\">Carregamento de Domingo<\/h2><div class=\"promotion-card__offer\">25% at\u00e9 100\u20ac<\/div><div class=\"promotion-card__description\"><\/div><div class=\"promotion-card__actions\"><button data-item=\"payments_link\" data-group=\"website_links\" class=\"goto btn btn-orange rounded-pill fw-bold px-4 m-button m-gradient-border m-button--primary m-button--large promotion-button promotion-card__action-btn\" aria-label=\"Jogue agora\"><div class=\"m-button-content\"><span class=\"promotion-button__content\">Jogue agora<\/span><\/div><\/button><button data-item=\"http:\/\/bonus_link\" data-group=\"website_links\" class=\"goto m-button m-gradient-border m-button--secondary m-button--medium promotion-card__info-btn\" aria-label=\"More information\"><div class=\"m-button-content\"><svg viewBox=\"0 0 24 24\" fill=\"none\" xmlns=\"http:\/\/www.w3.org\/2000\/svg\" class=\"m-icon m-icon-loadable\" name=\"Attention\" loading=\"false\" aria-hidden=\"true\"><path d=\"M12 22C6.477 22 2 17.522 2 12S6.477 2 12 2s10 4.478 10 10-4.477 10-10 10m-.002-13.004a.999.999 0 1 0 0-1.997.999.999 0 0 0 0 1.997M12 17a1 1 0 0 0 .993-.884L13 16l-.002-5.001-.007-.117a1 1 0 0 0-1.986 0l-.007.117L11 16l.007.117A1 1 0 0 0 12 17\" fill=\"currentColor\"><\/path><\/svg><\/div><\/button><\/div><\/div><div class=\"promotion-card\" style=\"background-image: url(https:\/\/candyspinzonline.com\/wp-content\/uploads\/2025\/03\/Candyspinz-promocards-300\u0445300-1.png);\"><h2 class=\"promotion-card__title\">Spinoleague - Temporada de Diamante<\/h2><div class=\"promotion-card__offer\">3.000.000\u20ac<\/div><div class=\"promotion-card__description\"><\/div><div class=\"promotion-card__actions\"><button data-item=\"payments_link\" data-group=\"website_links\" class=\"goto btn btn-orange rounded-pill fw-bold px-4 m-button m-gradient-border m-button--primary m-button--large promotion-button promotion-card__action-btn\" aria-label=\"Jogue agora\"><div class=\"m-button-content\"><span class=\"promotion-button__content\">Jogue agora<\/span><\/div><\/button><button data-item=\"http:\/\/bonus_link\" data-group=\"website_links\" class=\"goto m-button m-gradient-border m-button--secondary m-button--medium promotion-card__info-btn\" aria-label=\"More information\"><div class=\"m-button-content\"><svg viewBox=\"0 0 24 24\" fill=\"none\" xmlns=\"http:\/\/www.w3.org\/2000\/svg\" class=\"m-icon m-icon-loadable\" name=\"Attention\" loading=\"false\" aria-hidden=\"true\"><path d=\"M12 22C6.477 22 2 17.522 2 12S6.477 2 12 2s10 4.478 10 10-4.477 10-10 10m-.002-13.004a.999.999 0 1 0 0-1.997.999.999 0 0 0 0 1.997M12 17a1 1 0 0 0 .993-.884L13 16l-.002-5.001-.007-.117a1 1 0 0 0-1.986 0l-.007.117L11 16l.007.117A1 1 0 0 0 12 17\" fill=\"currentColor\"><\/path><\/svg><\/div><\/button><\/div><\/div><div class=\"promotion-card\" style=\"background-image: url(https:\/\/candyspinzonline.com\/wp-content\/uploads\/2025\/03\/Candyspinz-promocards-300\u0445300-7.png);\"><h2 class=\"promotion-card__title\">TORNEIO AO VIVO\t<\/h2><div class=\"promotion-card__offer\">10.000\u20ac<\/div><div class=\"promotion-card__description\"><\/div><div class=\"promotion-card__actions\"><button data-item=\"payments_link\" data-group=\"website_links\" class=\"goto btn btn-orange rounded-pill fw-bold px-4 m-button m-gradient-border m-button--primary m-button--large promotion-button promotion-card__action-btn\" aria-label=\"Jogue agora\"><div class=\"m-button-content\"><span class=\"promotion-button__content\">Jogue agora<\/span><\/div><\/button><button data-item=\"http:\/\/bonus_link\" data-group=\"website_links\" class=\"goto m-button m-gradient-border m-button--secondary m-button--medium promotion-card__info-btn\" aria-label=\"More information\"><div class=\"m-button-content\"><svg viewBox=\"0 0 24 24\" fill=\"none\" xmlns=\"http:\/\/www.w3.org\/2000\/svg\" class=\"m-icon m-icon-loadable\" name=\"Attention\" loading=\"false\" aria-hidden=\"true\"><path d=\"M12 22C6.477 22 2 17.522 2 12S6.477 2 12 2s10 4.478 10 10-4.477 10-10 10m-.002-13.004a.999.999 0 1 0 0-1.997.999.999 0 0 0 0 1.997M12 17a1 1 0 0 0 .993-.884L13 16l-.002-5.001-.007-.117a1 1 0 0 0-1.986 0l-.007.117L11 16l.007.117A1 1 0 0 0 12 17\" fill=\"currentColor\"><\/path><\/svg><\/div><\/button><\/div><\/div><\/div><\/span><\/p>\n<div class=\"scrollable-content-wrap my-5\"><div class=\"scrollable-content-inner\"><h2>Tipos de B\u00f3nus do Casino Candyspinz<\/h2>\n<p>A palavra b\u00f3nus faz os olhos de qualquer um brilhar e Candyspinz Portugal sabe bem disso. \u00c9 por isso que o casino candy spinz tem in\u00fameras ofertas para os seus jogadores.<\/p>\n<p>Visite a p\u00e1gina do casino online e crie a sua conta, se ainda n\u00e3o o fez. Demora uns breves segundos e ser\u00e1 o seu ponto de partida para o doce mundo de Candyspinz.<\/p>\n<p>Os jogadores Portugueses v\u00e3o deparar-se de imediato com as ofertas e promo\u00e7\u00f5es dispon\u00edveis em candy spinz, uma que estas aparecem de viva voz na p\u00e1gina inicial do casino.<\/p>\n<p>O grande pacote de boas-vindas tem como objectivo receber os novos jogadores de uma forma mais doce e dando a oportunidade de come\u00e7ar a sua jornada de jogo online logo a ganhar.<\/p>\n<p>Mas este \u00e9 s\u00f3 mesmo o princ\u00edpio. Se reparar nas vivas e atractivas cores de Candyspinz, vai notar outras ofertas tentadoras, como Carregamentos Semanais, ofertas de Cashback e Rakeback, Quedas e Vit\u00f3rias, b\u00f3nus sem dep\u00f3sito, entre muitos outros.<\/p>\n<p>Candyspinz \u00e9 muito mais que uma guloseima, \u00e9 uma p\u00e1gina online onde pode encontrar os melhores jogos e as melhores ofertas, tudo para tornar a sua aventura de casino online ainda melhor.<\/p>\n<h2>B\u00f3nus de Boas-Vindas de Candyspinz<\/h2>\n<p>Comecemos por analisar o B\u00f3nus de Boas-Vindas de Candyspinz Portugal. Esta \u00e9 uma oferta que todos os novos jogadores v\u00e3o poder ter acesso assim que completarem o seu registo na p\u00e1gina e cumpram com os requisitos m\u00ednimos de dep\u00f3sito apresentados.<\/p>\n<p>O principal objectivo do casino Candyspinz \u00e9 que os jogadores se sintam felizes enquanto se divertem pela vasta oferta de jogos desta p\u00e1gina. Por isso, pens\u00e1mos que seria importante ajud\u00e1-lo a dar os primeiros passos no mundo de Candyspinz e nada melhore do que um B\u00f3nus de Boas-Vindas de 1.500\u20ac + 300 Rodadas Gr\u00e1tis para isso. Este \u00e9 um b\u00f3nus de 3 partes que cobre os seus tr\u00eas primeiros dep\u00f3sitos em Candyspinz.<\/p>\n<p>Certifique-se que deposita o montante m\u00ednimo exigido para este b\u00f3nus e este ficar\u00e1 dispon\u00edvel de imediato ap\u00f3s o dep\u00f3sito ter sido aprovado. Explore agora as op\u00e7\u00f5es de jogo de casino e casino ao vivo, experimente slots, jogos de mesa, jogos com dealers ao vivo, entre muitos outros, e utilize o b\u00f3nus em dinheiro e as rodadas gr\u00e1tis obtidas com o seu pacote de boas-vindas para se aventurar pelo mundo de Candyspinz e obter as suas primeiras vit\u00f3rias.<\/p>\n<h2>B\u00f3nus Sem Dep\u00f3sito de Candy Spinz<\/h2>\n<p>Outra grande mais valia do casino Candyspinz Portugal \u00e9 a sua oferta de b\u00f3nus sem dep\u00f3sito. Sabemos que nem sempre \u00e9 f\u00e1cil dar o primeiro passo no mundos dos casinos online, seja porque tem receio de come\u00e7ar logo a jogar com o seu dinheiro ou simplesmente porque pretende primeiro experimentar alguns dos jogos oferecidos e ver se candy spinz lhe agrada.<\/p>\n<p>Seja qual for a sua explica\u00e7\u00e3o para n\u00e3o querer depositar numa primeira inst\u00e2ncia, Candyspinz Portugal compreende e d\u00e1-lhe outras solu\u00e7\u00f5es.<\/p>\n<p>Em primeiro lugar, pode optar por experimentar alguns dos jogos no modo demo, o qual lhe permite jogar e apostar sem usar o seu dinheiro real. Contudo, esta op\u00e7\u00e3o s\u00f3 est\u00e1 dispon\u00edvel para alguns jogos e os seus ganhos ser\u00e3o tamb\u00e9m virtuais.<\/p>\n<p>Existe ainda o b\u00f3nus sem dep\u00f3sito \u201cEscolha de Cherry\u201d, o qual lhe oferece rodadas gr\u00e1tis sem depositar dinheiro real. Poder\u00e1 depois usar estas rodadas recebidas para jogar os seus jogos preferidos.<\/p>\n<p>Estas s\u00e3o as op\u00e7\u00f5es que Candyspinz Portugal apresenta neste momento, mas outras ofertas do g\u00e9nero poder\u00e3o ser adicionadas, geralmente atrav\u00e9s de c\u00f3digos promocionais divulgados por email ou dispon\u00edveis na nossa p\u00e1gina. \u00c9 importante, por isso, que se mantenha atento \u00e0s novidades.<\/p>\n<p>Lembre-se ainda que muitos destes b\u00f3nus sem dep\u00f3sito apresentam condi\u00e7\u00f5es especiais, pelo que recomendamos aos nossos jogadores que as leiam antes de os obterem.<\/p>\n<h2>B\u00f3nus VIP do Casino Candyspinz<\/h2>\n<p>Em Candyspinz Portugal gostamos de dar valor a quem tamb\u00e9m nos valoriza e se mant\u00e9m fiel. Desta forma, o casino candy spinz oferece aos seus jogadores mais fi\u00e9is, o Programa de Fidelidade VIP, o qual \u00e9 composto por diversos n\u00edveis. Assim que se regista e cria a sua conta, o n\u00edvel de Bronze 1 ser-lhe-\u00e1 atribu\u00eddo de imediato e com ele o acesso aos primeiros benef\u00edcios do casino online. \u00c0 medida que acumula dep\u00f3sitos e, por conseguinte, pontos, vai come\u00e7ando a subir de n\u00edveis no Programa de Fidelidade, desbloqueado novas recompensas. Quanto mais elevado for o seu n\u00edvel, melhores ser\u00e3o os pr\u00e9mios associados.<\/p>\n<p>A partir do momento em que alcan\u00e7a o n\u00edvel de Ouro 1 vai tamb\u00e9m alterar o seu estatuto de mero jogador do casino de Candyspinz para ser agora um jogador VIP.<\/p>\n<p>Este estatuto traz consigo in\u00fameras vantagens associadas, como \u00e9 o caso de b\u00f3nus e outras ofertas exclusivas para jogadores VIP, percentagens de Cashback e Rakeback mais elevadas, gestor de conta VIP pessoal, limites de levantamento aumentados, prioridade nas filas para pedido de levantamento, entre muitos outros.<\/p>\n<p>Mantenha-se connosco e ser\u00e1 recompensado em grande por isso!<\/p>\n<h2>Torneios a Decorrer em Candyspinz<\/h2>\n<p>Os b\u00f3nus s\u00e3o sem d\u00favida uma atrac\u00e7\u00e3o por tudo o que lhes est\u00e1 associado, mas sabemos que um pouco de competi\u00e7\u00e3o mant\u00e9m a motiva\u00e7\u00e3o em alta e a adrenalina a correr pelas veias.<\/p>\n<p>Por este motivo, Candyspinz Portugal oferece-lhe um conjunto de torneios e miss\u00f5es que pode aderir e participar para obter ainda mais pr\u00e9mios.<\/p>\n<p>Entre estes torneios encontram-se actualmente o Torneio Ao Vivo, com um pr\u00e9mio acumulado de 3.000\u20ac, e Quedas e Vit\u00f3rias com pr\u00e9mios acumulados que podem chegar aos 2.000.000\u20ac.<\/p>\n<p>Geralmente, este tipo de torneios funciona com um sistema de pontos obtidos atrav\u00e9s das suas apostas e os quais o fazem subir na tabela classficativa, aproximando-o dos melhores pr\u00e9mios.<\/p>\n<p>Mantenha-se ainda atento a novos torneios que possam surgir, uma vez que CandySpinz actualiza com regularidade a sua oferta de promo\u00e7\u00f5es. Consulte a sua p\u00e1gina diariamente, assim como o seu email, para n\u00e3o perder uma pitada.<\/p>\n<p>Se tem uma costela competitiva e se gostaria de lutar contra outros jogadores para um pr\u00e9mio maior do que o habitual, d\u00ea uma oportunidade aos torneios do casino de candy spinz e veja qu\u00e3o longe conseguir\u00e1 chegar.<\/p>\n<h2>Termos e Condi\u00e7\u00f5es dos B\u00f3nus de Candyspinz<\/h2>\n<p>A p\u00e1gina de Candyspinz orgulha-se de ser completamente transparente com os seus jogadores, pelo que apresenta, e recomenda a sua cuidadosa leitura, os termos e condi\u00e7\u00f5es do casino Candyspinz Portugal e dos seus b\u00f3nus.<\/p>\n<p>Poder\u00e1 encontrar e aceder a estes termos atrav\u00e9s do link na parte inferior da p\u00e1gina, assim como na sec\u00e7\u00e3o de Centro de B\u00f3nus. Recomendamos sempre a sua leitura, pois estes apresentam as condi\u00e7\u00f5es para poder obter o respectivo b\u00f3nus, nomeadamente os requisitos de aposta, montante m\u00ednimo de dep\u00f3sito (se aplic\u00e1vel) ou at\u00e9 os jogos onde os poder\u00e1 utilizar.<\/p>\n<p>Certifique-se sempre que tem a capacidade de cumprir com os requisitos e condi\u00e7\u00f5es dos b\u00f4nus antes de aceitar qualquer um destes.<\/p>\n<p>Se por algum motivo, existir alguma quest\u00e3o relacionada com os termos e as condi\u00e7\u00f5es de um b\u00f3nus ou algo que n\u00e3o entenda na sua totalidade, recomendamos tamb\u00e9m que contacte a nossa equipa de apoio para esclarecer quaisquer d\u00favidas antes de decidir avan\u00e7ar para a obten\u00e7\u00e3o de uma determinada oferta.<\/p>\n<p>O casino Candyspinz deseja que todos os seus jogadores se divirtam enquanto recorrem \u00e0 sua p\u00e1gina, pelo que \u00e9 primordial que esteja informado sobre todas as condi\u00e7\u00f5es de utiliza\u00e7\u00e3o do mesmo, evitando assim situa\u00e7\u00f5es desagrad\u00e1veis.<\/p>\n<h2>Perguntas Frequentes<\/h2>\n<h3>Como \u00e9 que me posso tornar num jogador VIP do Casino Candyspinz?<\/h3>\n<p>O estatuto de VIP do Casino Candyspinz Portugal \u00e9 obtido assim que alcan\u00e7ar o n\u00edvel de Ouro do nosso Programa de Fidelidade. Mantenha-se por c\u00e1, fa\u00e7a apostas e v\u00e1 subindo de n\u00edvel com o seu jogo at\u00e9 obter o estatuto VIP e os seus benef\u00edcios exclusivos.<\/p>\n<h3>Com que regularidade \u00e9 que o Casino Candy Spinz oferece novos b\u00f3nus?<\/h3>\n<p>O Casino Candyspinz oferece novos b\u00f3nus aos seus jogadores com regularidade, mas estes poder\u00e3o surgir a qualquer momento. Dever\u00e1, por isso, manter-se atento e visitar a p\u00e1gina diariamente, assim como o seu email, de forma a estar a par de todas as novidades e poder ser dos primeiros a usufruir destes.<\/p>\n<h3>Posso utilizar o meu b\u00f3nus em todos os jogos do Casino Candyspinz?<\/h3>\n<p>Cada b\u00f3nus tem associados termos e condi\u00e7\u00f5es de utiliza\u00e7\u00e3o, os quais dever\u00e1 ler com aten\u00e7\u00e3o antes de optar por um determinado b\u00f3nus. Entre outras condi\u00e7\u00f5es, encontra-se a lista de jogos participantes para cada um deles. Certifique-se que tem conhecimento desta quest\u00e3o para evitar desilus\u00f5es.<\/p>\n<h3>Como \u00e9 que posso obter o meu b\u00f3nus de boas-vindas do Casino Candy Spinz?<\/h3>\n<p>O b\u00f3nus de boas-vindas foi pensado para receber em grande todos os novos jogadores do casino candy spinz. Para ter acesso a este, dever\u00e1 criar uma conta na p\u00e1gina e realizar o seu primeiro dep\u00f3sito, tendo em conta os requisitos m\u00ednimos exigidos para a obten\u00e7\u00e3o deste b\u00f3nus. Se as condi\u00e7\u00f5es do mesmo forem cumpridas, receber\u00e1 o seu b\u00f3nus de boas-vindas automaticamente, assim que o dep\u00f3sito tenha sido conclu\u00eddo.<\/p>\n<h3>Posso obter mais do que um b\u00f3nus em simult\u00e2neo no Casino Candyspinz?<\/h3>\n<p>Todos os b\u00f3nus oferecidos pelo casino Candyspinz incluem determinadas condi\u00e7\u00f5es de utiliza\u00e7\u00e3o. Entre elas destaca-se o facto de s\u00f3 poder ter um b\u00f3nus activo na sua conta de cada vez. Dever\u00e1, por isso, utilizar o seu b\u00f3nus actual, cumprindo com os seus requisitos, antes de poder obter outro b\u00f3nus. Excep\u00e7\u00f5es podem ser abertas para os jogadores com o estatuto VIP.<\/p>\n<h3>O que devo fazer se o meu b\u00f3nus n\u00e3o for creditado assim que concluir o dep\u00f3sito?<\/h3>\n<p>Antes de proceder para a obten\u00e7\u00e3o de um determinado b\u00f3nus dever\u00e1 ler as suas condi\u00e7\u00f5es espec\u00edficas, nomeadamente o montante m\u00ednimo necess\u00e1rio para o poder adquirir. Se, ap\u00f3s ter realizado um dep\u00f3sito em conson\u00e2ncia com os termos do b\u00f3nus, este n\u00e3o ficar dispon\u00edvel na sua conta, dever\u00e1 contactar a nossa equipa de apoio para que o possam ajudar.<\/p>\n<h3>Como \u00e9 que posso consultar os termos dos b\u00f3nus?<\/h3>\n<p>Todos os b\u00f3nus do casino Candyspinz t\u00eam os seus termos e condi\u00e7\u00f5es claramente explicados na sua p\u00e1gina. Para os consultar dever\u00e1 clicar no seu respectivo link na parte inferior da p\u00e1gina ou procurar os termos de cada b\u00f3nus na sec\u00e7\u00e3o do Centro de B\u00f3nus da p\u00e1gina.<\/p>\n<\/div><\/div>\n","protected":false},"excerpt":{"rendered":"<p>C\u00f3digos de B\u00f3nus de Candyspinz Est\u00e1 preparado para entrar no mundo de Candyspinz Portugal? Comece a sua aventura no Casino Candy Spinz com os nossos c\u00f3digos promocionais para os melhores b\u00f3nus! Desde b\u00f3nus em dinheiro a rodadas gr\u00e1tis, existe uma imensid\u00e3o de ofertas para explorar neste casino online. Comece por visitar a nossa p\u00e1gina, crie [&hellip;]<\/p>\n","protected":false},"author":1,"featured_media":0,"parent":0,"menu_order":0,"comment_status":"closed","ping_status":"closed","template":"template-builder.php","meta":{"_acf_changed":false,"inline_featured_image":false,"footnotes":""},"class_list":["post-1478","page","type-page","status-publish","hentry"],"acf":[],"_links":{"self":[{"href":"https:\/\/candyspinzonline.com\/pt-pt\/wp-json\/wp\/v2\/pages\/1478","targetHints":{"allow":["GET"]}}],"collection":[{"href":"https:\/\/candyspinzonline.com\/pt-pt\/wp-json\/wp\/v2\/pages"}],"about":[{"href":"https:\/\/candyspinzonline.com\/pt-pt\/wp-json\/wp\/v2\/types\/page"}],"author":[{"embeddable":true,"href":"https:\/\/candyspinzonline.com\/pt-pt\/wp-json\/wp\/v2\/users\/1"}],"replies":[{"embeddable":true,"href":"https:\/\/candyspinzonline.com\/pt-pt\/wp-json\/wp\/v2\/comments?post=1478"}],"version-history":[{"count":2,"href":"https:\/\/candyspinzonline.com\/pt-pt\/wp-json\/wp\/v2\/pages\/1478\/revisions"}],"predecessor-version":[{"id":1506,"href":"https:\/\/candyspinzonline.com\/pt-pt\/wp-json\/wp\/v2\/pages\/1478\/revisions\/1506"}],"wp:attachment":[{"href":"https:\/\/candyspinzonline.com\/pt-pt\/wp-json\/wp\/v2\/media?parent=1478"}],"curies":[{"name":"wp","href":"https:\/\/api.w.org\/{rel}","templated":true}]}}