{"id":1267,"date":"2024-12-09T16:40:46","date_gmt":"2024-12-09T16:40:46","guid":{"rendered":"https:\/\/candyspinzonline.com\/cookies-policy\/"},"modified":"2025-04-01T08:00:23","modified_gmt":"2025-04-01T07:00:23","slug":"cookies-policy","status":"publish","type":"page","link":"https:\/\/candyspinzonline.com\/pt-pt\/cookies-policy\/","title":{"rendered":"Pol\u00edtica de cookies"},"content":{"rendered":"<h1><strong>Pol\u00edtica de cookies<\/strong><\/h1>\n<p><strong>Data efectiva: 01.12.2024<\/strong><\/p>\n<p>Esta Pol\u00edtica de Cookies explica como o Candyspinzonline.com (&#8220;n\u00f3s&#8221;, &#8220;nosso&#8221; ou &#8220;nos&#8221;) utiliza cookies e tecnologias semelhantes para o reconhecer quando visita o nosso s\u00edtio Web. Descreve o que s\u00e3o estas tecnologias, porque as utilizamos e os seus direitos para as controlar.<\/p>\n<h2><strong>O que \u00e9 uma bolacha?<\/strong><\/h2>\n<p>Um cookie \u00e9 um pequeno ficheiro de dados colocado no seu dispositivo (computador, smartphone, tablet) quando visita um s\u00edtio Web. Os cookies s\u00e3o normalmente utilizados para melhorar a sua experi\u00eancia de navega\u00e7\u00e3o, recordando as suas prefer\u00eancias e actividades no s\u00edtio.<\/p>\n<h2><strong>Porque \u00e9 que utilizamos cookies?<\/strong><\/h2>\n<p>Utilizamos cookies por v\u00e1rios motivos, incluindo:<\/p>\n<ul>\n<li><strong>Cookies essenciais<\/strong>: Necess\u00e1rios para o funcionamento do nosso site, permitindo-lhe utilizar funcionalidades como o acesso a \u00e1reas seguras.<\/li>\n<li><strong>Cookies de desempenho e an\u00e1lise<\/strong>: Ajudam a analisar a forma como os visitantes utilizam o nosso s\u00edtio para melhorar a funcionalidade e o desempenho.<\/li>\n<li><strong>Cookies funcionais<\/strong>: Recordam as prefer\u00eancias do utilizador (por exemplo, defini\u00e7\u00f5es de idioma) para uma experi\u00eancia mais personalizada.<\/li>\n<li><strong>Cookies de publicidade<\/strong>: Utilizados para apresentar an\u00fancios relevantes e acompanhar o desempenho das nossas campanhas de marketing.<\/li>\n<\/ul>\n<h2><strong>Tipos de cookies que utilizamos<\/strong><\/h2>\n<table>\n<thead>\n<tr>\n<td><strong>Tipo de cookie<\/strong><\/td>\n<td><strong>Objetivo<\/strong><\/td>\n<td><strong>Dura\u00e7\u00e3o<\/strong><\/td>\n<\/tr>\n<\/thead>\n<tbody>\n<tr>\n<td><strong>Biscoitos essenciais<\/strong><\/td>\n<td>Ativar a funcionalidade do s\u00edtio<\/td>\n<td>Sess\u00e3o ou Permanente<\/td>\n<\/tr>\n<tr>\n<td><strong>Cookies anal\u00edticos<\/strong><\/td>\n<td>Acompanhar a utiliza\u00e7\u00e3o e melhorar a experi\u00eancia do utilizador<\/td>\n<td>Permanente (at\u00e9 2 anos)<\/td>\n<\/tr>\n<tr>\n<td><strong>Cookies de publicidade<\/strong><\/td>\n<td>Apresentar an\u00fancios direcionados<\/td>\n<td>Permanente (at\u00e9 1 ano)<\/td>\n<\/tr>\n<tr>\n<td><strong>Cookies funcionais<\/strong><\/td>\n<td>Recordar as prefer\u00eancias do utilizador<\/td>\n<td>Permanente (at\u00e9 1 ano)<\/td>\n<\/tr>\n<\/tbody>\n<\/table>\n<h2><strong>Cookies de terceiros<\/strong><\/h2>\n<p>Tamb\u00e9m podemos utilizar cookies de terceiros fornecidos por servi\u00e7os como o Google Analytics, Facebook Ads ou redes de marketing de afiliados. Estes cookies ajudam-nos a compreender a forma como os visitantes interagem com o nosso s\u00edtio e a melhorar os nossos esfor\u00e7os de marketing. Estes terceiros podem utilizar cookies de acordo com as suas pr\u00f3prias pol\u00edticas de privacidade.<\/p>\n<h2><strong>Como gerir os cookies<\/strong><\/h2>\n<p>O utilizador tem o direito de aceitar ou recusar cookies. A maioria dos navegadores Web permite-lhe controlar os cookies atrav\u00e9s das suas defini\u00e7\u00f5es. No entanto, a desativa\u00e7\u00e3o dos cookies pode afetar a funcionalidade de determinadas carater\u00edsticas do nosso s\u00edtio.<\/p>\n<p>Para gerir os cookies:<\/p>\n<ul>\n<li>Ajustar as defini\u00e7\u00f5es do seu browser para recusar cookies ou para o alertar quando os cookies est\u00e3o a ser utilizados.<\/li>\n<li>Visite <a href=\"http:\/\/www.aboutcookies.org\">www.aboutcookies.org <\/a>para obter orienta\u00e7\u00f5es pormenorizadas sobre a gest\u00e3o de cookies.<\/li>\n<\/ul>\n<h2><strong>Actualiza\u00e7\u00f5es da presente pol\u00edtica<\/strong><\/h2>\n<p>Podemos atualizar esta Pol\u00edtica de Cookies periodicamente para refletir altera\u00e7\u00f5es nas nossas pr\u00e1ticas, requisitos legais ou por outras raz\u00f5es operacionais. Reveja esta p\u00e1gina periodicamente para se manter informado sobre a nossa utiliza\u00e7\u00e3o de cookies.<\/p>\n<h2><strong>Contactar-nos<\/strong><\/h2>\n<p>Para quaisquer quest\u00f5es ou preocupa\u00e7\u00f5es relativas \u00e0 nossa utiliza\u00e7\u00e3o de cookies ou a esta pol\u00edtica, contacte-nos atrav\u00e9s do formul\u00e1rio na nossa p\u00e1gina dedicada: https:\/\/Candyspinzonline.com\/contact\/<\/p>\n","protected":false},"excerpt":{"rendered":"<p>Pol\u00edtica de cookies Data efectiva: 01.12.2024 Esta Pol\u00edtica de Cookies explica como o Candyspinzonline.com (&#8220;n\u00f3s&#8221;, &#8220;nosso&#8221; ou &#8220;nos&#8221;) utiliza cookies e tecnologias semelhantes para o reconhecer quando visita o nosso s\u00edtio Web. Descreve o que s\u00e3o estas tecnologias, porque as utilizamos e os seus direitos para as controlar. O que \u00e9 uma bolacha? Um cookie [&hellip;]<\/p>\n","protected":false},"author":1,"featured_media":0,"parent":0,"menu_order":0,"comment_status":"closed","ping_status":"closed","template":"template-builder.php","meta":{"_acf_changed":false,"inline_featured_image":false,"footnotes":""},"class_list":["post-1267","page","type-page","status-publish","hentry"],"acf":[],"_links":{"self":[{"href":"https:\/\/candyspinzonline.com\/pt-pt\/wp-json\/wp\/v2\/pages\/1267","targetHints":{"allow":["GET"]}}],"collection":[{"href":"https:\/\/candyspinzonline.com\/pt-pt\/wp-json\/wp\/v2\/pages"}],"about":[{"href":"https:\/\/candyspinzonline.com\/pt-pt\/wp-json\/wp\/v2\/types\/page"}],"author":[{"embeddable":true,"href":"https:\/\/candyspinzonline.com\/pt-pt\/wp-json\/wp\/v2\/users\/1"}],"replies":[{"embeddable":true,"href":"https:\/\/candyspinzonline.com\/pt-pt\/wp-json\/wp\/v2\/comments?post=1267"}],"version-history":[{"count":1,"href":"https:\/\/candyspinzonline.com\/pt-pt\/wp-json\/wp\/v2\/pages\/1267\/revisions"}],"predecessor-version":[{"id":1277,"href":"https:\/\/candyspinzonline.com\/pt-pt\/wp-json\/wp\/v2\/pages\/1267\/revisions\/1277"}],"wp:attachment":[{"href":"https:\/\/candyspinzonline.com\/pt-pt\/wp-json\/wp\/v2\/media?parent=1267"}],"curies":[{"name":"wp","href":"https:\/\/api.w.org\/{rel}","templated":true}]}}