{"id":1266,"date":"2024-10-27T13:48:15","date_gmt":"2024-10-27T13:48:15","guid":{"rendered":"https:\/\/candyspinzonline.com\/kontakt\/"},"modified":"2025-04-01T07:58:51","modified_gmt":"2025-04-01T06:58:51","slug":"kontakt","status":"publish","type":"page","link":"https:\/\/candyspinzonline.com\/pt-pt\/kontakt\/","title":{"rendered":"Contacto"},"content":{"rendered":"<h1>Contactar-nos<\/h1>\n<p>Se necessitar de qualquer informa\u00e7\u00e3o ou assist\u00eancia, n\u00e3o hesite em contactar-nos preenchendo o formul\u00e1rio abaixo. A nossa equipa est\u00e1 pronta para o ajudar e responder\u00e1 prontamente.<\/p>\n<p class=\"wpcf7-contact-form-not-found\"><strong>Error:<\/strong> Contact form not found.<\/p>\n","protected":false},"excerpt":{"rendered":"<p>Contactar-nos Se necessitar de qualquer informa\u00e7\u00e3o ou assist\u00eancia, n\u00e3o hesite em contactar-nos preenchendo o formul\u00e1rio abaixo. A nossa equipa est\u00e1 pronta para o ajudar e responder\u00e1 prontamente.<\/p>\n","protected":false},"author":1,"featured_media":0,"parent":0,"menu_order":0,"comment_status":"closed","ping_status":"closed","template":"template-builder.php","meta":{"_acf_changed":false,"inline_featured_image":false,"footnotes":""},"class_list":["post-1266","page","type-page","status-publish","hentry"],"acf":[],"_links":{"self":[{"href":"https:\/\/candyspinzonline.com\/pt-pt\/wp-json\/wp\/v2\/pages\/1266","targetHints":{"allow":["GET"]}}],"collection":[{"href":"https:\/\/candyspinzonline.com\/pt-pt\/wp-json\/wp\/v2\/pages"}],"about":[{"href":"https:\/\/candyspinzonline.com\/pt-pt\/wp-json\/wp\/v2\/types\/page"}],"author":[{"embeddable":true,"href":"https:\/\/candyspinzonline.com\/pt-pt\/wp-json\/wp\/v2\/users\/1"}],"replies":[{"embeddable":true,"href":"https:\/\/candyspinzonline.com\/pt-pt\/wp-json\/wp\/v2\/comments?post=1266"}],"version-history":[{"count":1,"href":"https:\/\/candyspinzonline.com\/pt-pt\/wp-json\/wp\/v2\/pages\/1266\/revisions"}],"predecessor-version":[{"id":1276,"href":"https:\/\/candyspinzonline.com\/pt-pt\/wp-json\/wp\/v2\/pages\/1266\/revisions\/1276"}],"wp:attachment":[{"href":"https:\/\/candyspinzonline.com\/pt-pt\/wp-json\/wp\/v2\/media?parent=1266"}],"curies":[{"name":"wp","href":"https:\/\/api.w.org\/{rel}","templated":true}]}}