{"id":1383,"date":"2024-10-27T13:48:15","date_gmt":"2024-10-27T13:48:15","guid":{"rendered":"https:\/\/candyspinzonline.com\/promociones\/"},"modified":"2025-08-28T14:40:58","modified_gmt":"2025-08-28T13:40:58","slug":"bonus","status":"publish","type":"page","link":"https:\/\/candyspinzonline.com\/it\/bonus\/","title":{"rendered":"Bonus"},"content":{"rendered":"<h1>Codici Bonus Candyspinz<\/h1>\n<p>Cerchi promozioni entusiasmanti per casino? Le promozioni ottimizzano il gioco con ricchi incentivi. Candyspinz offre bonus sia per i nuovi giocatori che per i clienti abituali. Questo casino online si distingue con numerosi Candyspinz giri gratis e fantastici incentivi di deposito. Continua a leggere per le pi\u00f9 recenti offerte promozionali di Candyspinz e come ottenerle.<\/p>\n<div class=\"promotions-wrap\"><div class=\"promotion-card\" style=\"background-image: url(https:\/\/candyspinzonline.com\/wp-content\/uploads\/2025\/03\/Candyspinz-promocards-300\u0445300-9.png);\"><h2 class=\"promotion-card__title\">Bonus Primo Deposito<\/h2><div class=\"promotion-card__offer\">100% fino a \u20ac150 e 150 giri gratuiti<\/div><div class=\"promotion-card__description\"><\/div><div class=\"promotion-card__actions\"><button data-item=\"payments_link\" data-group=\"website_links\" class=\"goto btn btn-orange rounded-pill fw-bold px-4 m-button m-gradient-border m-button--primary m-button--large promotion-button promotion-card__action-btn\" aria-label=\"Registrati Ora\"><div class=\"m-button-content\"><span class=\"promotion-button__content\">Registrati Ora<\/span><\/div><\/button><button data-item=\"http:\/\/bonus_link\" data-group=\"website_links\" class=\"goto m-button m-gradient-border m-button--secondary m-button--medium promotion-card__info-btn\" aria-label=\"More information\"><div class=\"m-button-content\"><svg viewBox=\"0 0 24 24\" fill=\"none\" xmlns=\"http:\/\/www.w3.org\/2000\/svg\" class=\"m-icon m-icon-loadable\" name=\"Attention\" loading=\"false\" aria-hidden=\"true\"><path d=\"M12 22C6.477 22 2 17.522 2 12S6.477 2 12 2s10 4.478 10 10-4.477 10-10 10m-.002-13.004a.999.999 0 1 0 0-1.997.999.999 0 0 0 0 1.997M12 17a1 1 0 0 0 .993-.884L13 16l-.002-5.001-.007-.117a1 1 0 0 0-1.986 0l-.007.117L11 16l.007.117A1 1 0 0 0 12 17\" fill=\"currentColor\"><\/path><\/svg><\/div><\/button><\/div><\/div><div class=\"promotion-card\" style=\"background-image: url(https:\/\/candyspinzonline.com\/wp-content\/uploads\/2025\/03\/Candyspinz-promocards-300\u0445300-8.png);\"><h2 class=\"promotion-card__title\">Bonus Secondo Deposito<\/h2><div class=\"promotion-card__offer\">55% fino a \u20ac150 + 150 giri gratuiti<\/div><div class=\"promotion-card__description\"><\/div><div class=\"promotion-card__actions\"><button data-item=\"payments_link\" data-group=\"website_links\" class=\"goto btn btn-orange rounded-pill fw-bold px-4 m-button m-gradient-border m-button--primary m-button--large promotion-button promotion-card__action-btn\" aria-label=\"Registrati Ora\"><div class=\"m-button-content\"><span class=\"promotion-button__content\">Registrati Ora<\/span><\/div><\/button><button data-item=\"http:\/\/bonus_link\" data-group=\"website_links\" class=\"goto m-button m-gradient-border m-button--secondary m-button--medium promotion-card__info-btn\" aria-label=\"More information\"><div class=\"m-button-content\"><svg viewBox=\"0 0 24 24\" fill=\"none\" xmlns=\"http:\/\/www.w3.org\/2000\/svg\" class=\"m-icon m-icon-loadable\" name=\"Attention\" loading=\"false\" aria-hidden=\"true\"><path d=\"M12 22C6.477 22 2 17.522 2 12S6.477 2 12 2s10 4.478 10 10-4.477 10-10 10m-.002-13.004a.999.999 0 1 0 0-1.997.999.999 0 0 0 0 1.997M12 17a1 1 0 0 0 .993-.884L13 16l-.002-5.001-.007-.117a1 1 0 0 0-1.986 0l-.007.117L11 16l.007.117A1 1 0 0 0 12 17\" fill=\"currentColor\"><\/path><\/svg><\/div><\/button><\/div><\/div><div class=\"promotion-card\" style=\"background-image: url(https:\/\/candyspinzonline.com\/wp-content\/uploads\/2025\/03\/Candyspinz-promocards-300\u0445300-2.png);\"><h2 class=\"promotion-card__title\">Bonus Terzo Deposito<\/h2><div class=\"promotion-card__offer\">100% fino a \u20ac150<\/div><div class=\"promotion-card__description\"><\/div><div class=\"promotion-card__actions\"><button data-item=\"payments_link\" data-group=\"website_links\" class=\"goto btn btn-orange rounded-pill fw-bold px-4 m-button m-gradient-border m-button--primary m-button--large promotion-button promotion-card__action-btn\" aria-label=\"Registrati Ora\"><div class=\"m-button-content\"><span class=\"promotion-button__content\">Registrati Ora<\/span><\/div><\/button><button data-item=\"http:\/\/bonus_link\" data-group=\"website_links\" class=\"goto m-button m-gradient-border m-button--secondary m-button--medium promotion-card__info-btn\" aria-label=\"More information\"><div class=\"m-button-content\"><svg viewBox=\"0 0 24 24\" fill=\"none\" xmlns=\"http:\/\/www.w3.org\/2000\/svg\" class=\"m-icon m-icon-loadable\" name=\"Attention\" loading=\"false\" aria-hidden=\"true\"><path d=\"M12 22C6.477 22 2 17.522 2 12S6.477 2 12 2s10 4.478 10 10-4.477 10-10 10m-.002-13.004a.999.999 0 1 0 0-1.997.999.999 0 0 0 0 1.997M12 17a1 1 0 0 0 .993-.884L13 16l-.002-5.001-.007-.117a1 1 0 0 0-1.986 0l-.007.117L11 16l.007.117A1 1 0 0 0 12 17\" fill=\"currentColor\"><\/path><\/svg><\/div><\/button><\/div><\/div><div class=\"promotion-card\" style=\"background-image: url(https:\/\/candyspinzonline.com\/wp-content\/uploads\/2025\/03\/Candyspinz-promocards-300\u0445300-4.png);\"><h2 class=\"promotion-card__title\">RAKEBACK<\/h2><div class=\"promotion-card__offer\"> fino al 17%<\/div><div class=\"promotion-card__description\"><\/div><div class=\"promotion-card__actions\"><button data-item=\"payments_link\" data-group=\"website_links\" class=\"goto btn btn-orange rounded-pill fw-bold px-4 m-button m-gradient-border m-button--primary m-button--large promotion-button promotion-card__action-btn\" aria-label=\"Registrati Ora\"><div class=\"m-button-content\"><span class=\"promotion-button__content\">Registrati Ora<\/span><\/div><\/button><button data-item=\"http:\/\/bonus_link\" data-group=\"website_links\" class=\"goto m-button m-gradient-border m-button--secondary m-button--medium promotion-card__info-btn\" aria-label=\"More information\"><div class=\"m-button-content\"><svg viewBox=\"0 0 24 24\" fill=\"none\" xmlns=\"http:\/\/www.w3.org\/2000\/svg\" class=\"m-icon m-icon-loadable\" name=\"Attention\" loading=\"false\" aria-hidden=\"true\"><path d=\"M12 22C6.477 22 2 17.522 2 12S6.477 2 12 2s10 4.478 10 10-4.477 10-10 10m-.002-13.004a.999.999 0 1 0 0-1.997.999.999 0 0 0 0 1.997M12 17a1 1 0 0 0 .993-.884L13 16l-.002-5.001-.007-.117a1 1 0 0 0-1.986 0l-.007.117L11 16l.007.117A1 1 0 0 0 12 17\" fill=\"currentColor\"><\/path><\/svg><\/div><\/button><\/div><\/div><div class=\"promotion-card\" style=\"background-image: url(https:\/\/candyspinzonline.com\/wp-content\/uploads\/2025\/03\/Candyspinz-promocards-300\u0445300-6.png);\"><h2 class=\"promotion-card__title\">Cashback Settimanale<\/h2><div class=\"promotion-card__offer\">Fino al 25%<\/div><div class=\"promotion-card__description\"><\/div><div class=\"promotion-card__actions\"><button data-item=\"payments_link\" data-group=\"website_links\" class=\"goto btn btn-orange rounded-pill fw-bold px-4 m-button m-gradient-border m-button--primary m-button--large promotion-button promotion-card__action-btn\" aria-label=\"Registrati Ora\"><div class=\"m-button-content\"><span class=\"promotion-button__content\">Registrati Ora<\/span><\/div><\/button><button data-item=\"http:\/\/bonus_link\" data-group=\"website_links\" class=\"goto m-button m-gradient-border m-button--secondary m-button--medium promotion-card__info-btn\" aria-label=\"More information\"><div class=\"m-button-content\"><svg viewBox=\"0 0 24 24\" fill=\"none\" xmlns=\"http:\/\/www.w3.org\/2000\/svg\" class=\"m-icon m-icon-loadable\" name=\"Attention\" loading=\"false\" aria-hidden=\"true\"><path d=\"M12 22C6.477 22 2 17.522 2 12S6.477 2 12 2s10 4.478 10 10-4.477 10-10 10m-.002-13.004a.999.999 0 1 0 0-1.997.999.999 0 0 0 0 1.997M12 17a1 1 0 0 0 .993-.884L13 16l-.002-5.001-.007-.117a1 1 0 0 0-1.986 0l-.007.117L11 16l.007.117A1 1 0 0 0 12 17\" fill=\"currentColor\"><\/path><\/svg><\/div><\/button><\/div><\/div><div class=\"promotion-card\" style=\"background-image: url(https:\/\/candyspinzonline.com\/wp-content\/uploads\/2025\/03\/Candyspinz-promocards-300\u0445300-5.png);\"><h2 class=\"promotion-card__title\">Stagione Diamante di Spinoleague<\/h2><div class=\"promotion-card__offer\">3.000.000\u202f\u20ac <\/div><div class=\"promotion-card__description\"><\/div><div class=\"promotion-card__actions\"><button data-item=\"payments_link\" data-group=\"website_links\" class=\"goto btn btn-orange rounded-pill fw-bold px-4 m-button m-gradient-border m-button--primary m-button--large promotion-button promotion-card__action-btn\" aria-label=\"Gioca Ora\"><div class=\"m-button-content\"><span class=\"promotion-button__content\">Gioca Ora<\/span><\/div><\/button><button data-item=\"http:\/\/bonus_link\" data-group=\"website_links\" class=\"goto m-button m-gradient-border m-button--secondary m-button--medium promotion-card__info-btn\" aria-label=\"More information\"><div class=\"m-button-content\"><svg viewBox=\"0 0 24 24\" fill=\"none\" xmlns=\"http:\/\/www.w3.org\/2000\/svg\" class=\"m-icon m-icon-loadable\" name=\"Attention\" loading=\"false\" aria-hidden=\"true\"><path d=\"M12 22C6.477 22 2 17.522 2 12S6.477 2 12 2s10 4.478 10 10-4.477 10-10 10m-.002-13.004a.999.999 0 1 0 0-1.997.999.999 0 0 0 0 1.997M12 17a1 1 0 0 0 .993-.884L13 16l-.002-5.001-.007-.117a1 1 0 0 0-1.986 0l-.007.117L11 16l.007.117A1 1 0 0 0 12 17\" fill=\"currentColor\"><\/path><\/svg><\/div><\/button><\/div><\/div><div class=\"promotion-card\" style=\"background-image: url(https:\/\/candyspinzonline.com\/wp-content\/uploads\/2025\/03\/Candyspinz-promocards-300\u0445300-1.png);\"><h2 class=\"promotion-card__title\">TORNEO LIVE<\/h2><div class=\"promotion-card__offer\">10.000\u202f\u20ac <\/div><div class=\"promotion-card__description\"><\/div><div class=\"promotion-card__actions\"><button data-item=\"payments_link\" data-group=\"website_links\" class=\"goto btn btn-orange rounded-pill fw-bold px-4 m-button m-gradient-border m-button--primary m-button--large promotion-button promotion-card__action-btn\" aria-label=\"Gioca Ora\"><div class=\"m-button-content\"><span class=\"promotion-button__content\">Gioca Ora<\/span><\/div><\/button><button data-item=\"http:\/\/bonus_link\" data-group=\"website_links\" class=\"goto m-button m-gradient-border m-button--secondary m-button--medium promotion-card__info-btn\" aria-label=\"More information\"><div class=\"m-button-content\"><svg viewBox=\"0 0 24 24\" fill=\"none\" xmlns=\"http:\/\/www.w3.org\/2000\/svg\" class=\"m-icon m-icon-loadable\" name=\"Attention\" loading=\"false\" aria-hidden=\"true\"><path d=\"M12 22C6.477 22 2 17.522 2 12S6.477 2 12 2s10 4.478 10 10-4.477 10-10 10m-.002-13.004a.999.999 0 1 0 0-1.997.999.999 0 0 0 0 1.997M12 17a1 1 0 0 0 .993-.884L13 16l-.002-5.001-.007-.117a1 1 0 0 0-1.986 0l-.007.117L11 16l.007.117A1 1 0 0 0 12 17\" fill=\"currentColor\"><\/path><\/svg><\/div><\/button><\/div><\/div><div class=\"promotion-card\" style=\"background-image: url(https:\/\/candyspinzonline.com\/wp-content\/uploads\/2025\/03\/Candyspinz-promocards-300\u0445300-7.png);\"><h2 class=\"promotion-card__title\">Ricarica Domenicale<\/h2><div class=\"promotion-card__offer\">25% fino a \u20ac100<\/div><div class=\"promotion-card__description\"><\/div><div class=\"promotion-card__actions\"><button data-item=\"payments_link\" data-group=\"website_links\" class=\"goto btn btn-orange rounded-pill fw-bold px-4 m-button m-gradient-border m-button--primary m-button--large promotion-button promotion-card__action-btn\" aria-label=\"Gioca Ora\"><div class=\"m-button-content\"><span class=\"promotion-button__content\">Gioca Ora<\/span><\/div><\/button><button data-item=\"http:\/\/bonus_link\" data-group=\"website_links\" class=\"goto m-button m-gradient-border m-button--secondary m-button--medium promotion-card__info-btn\" aria-label=\"More information\"><div class=\"m-button-content\"><svg viewBox=\"0 0 24 24\" fill=\"none\" xmlns=\"http:\/\/www.w3.org\/2000\/svg\" class=\"m-icon m-icon-loadable\" name=\"Attention\" loading=\"false\" aria-hidden=\"true\"><path d=\"M12 22C6.477 22 2 17.522 2 12S6.477 2 12 2s10 4.478 10 10-4.477 10-10 10m-.002-13.004a.999.999 0 1 0 0-1.997.999.999 0 0 0 0 1.997M12 17a1 1 0 0 0 .993-.884L13 16l-.002-5.001-.007-.117a1 1 0 0 0-1.986 0l-.007.117L11 16l.007.117A1 1 0 0 0 12 17\" fill=\"currentColor\"><\/path><\/svg><\/div><\/button><\/div><\/div><\/div>\n<div class=\"scrollable-content-wrap my-5\"><div class=\"scrollable-content-inner\"><h2>Tipi di Bonus al Casino Candyspinz<\/h2>\n<p>Il Casino Candyspinz ha molti vantaggi per diversi tipi di giocatori. Le promozioni Candy Spinz sono pensate per migliorare l&#8217;esperienza di gioco alle slot e ai giochi da tavolo. I nuovi giocatori possono usufruire di incentivi di benvenuto, mentre i bonus regolari mantengono il divertimento costante.<\/p>\n<p>I giocatori adorano i incentivi di Candy Spin giri gratis, che permettono loro di provare le slot senza rischiare il proprio denaro. Il casino aggiorna spesso i codici candyspinz, offrendo nuove opzioni sia ai nuovi che ai giocatori esperti. I incentivi di deposito solitamente pareggiano una parte del tuo denaro, aumentando il tuo potere di gioco.<\/p>\n<p>I bonus dei tornei sono un altro punto di forza del Casino Candy Spinz. Eventi competitivi con grandi montepremi permettono ai giocatori di testare le proprie abilit\u00e0. I giocatori esistenti ricevono incentivo di ricarica per continuare a utilizzare la piattaforma.<\/p>\n<p>I giocatori high-roller ricevono incentivi proporzionati ai loro depositi nelle promozioni speciali. Il calendario promozionale di Candyspinz include offerte stagionali e festive per il divertimento durante tutto l&#8217;anno. I giocatori apprezzano i requisiti di scommessa minimi su molte promozioni, che facilitano il prelievo delle vincite.<\/p>\n<h2>Bonus di Benvenuto Candyspinz<\/h2>\n<p>Candyspinz offre ai nuovi giocatori fino a \u20ac1500 in incentivo e 250 giri gratuiti distribuiti sui primi tre depositi, rendendolo uno dei pacchetti di benvenuto pi\u00f9 competitivi tra i casino online. Questo pacchetto completo d\u00e0 agli utenti il tempo adeguato per esplorare la vasta collezione di giochi della piattaforma.<\/p>\n<p>Ecco cosa riceverai con il pacchetto di benvenuto:<\/p>\n<ul>\n<li aria-level=\"1\">Primo Deposito: 100% di corrispondenza fino a \u20ac150 pi\u00f9 150 giri gratuiti su slot popolari<\/li>\n<li aria-level=\"1\">Secondo Deposito: 55% di corrispondenza fino a \u20ac150 insieme a ulteriori 150 giri gratuiti<\/li>\n<li aria-level=\"1\">Terzo Deposito: 100% di corrispondenza fino a \u20ac150<\/li>\n<\/ul>\n<p>Questo viaggio di benvenuto in tre parti raddoppia il tuo potere di gioco fin dall&#8217;inizio e ti premia generosamente durante i tuoi contributi iniziali.<\/p>\n<p>Usa il codice Candyspinz durante la registrazione o i depositi per guadagnare questi incentivi. I giri gratuiti del pacchetto di benvenuto permettono agli utenti di provare le slot premium senza rischiare il proprio denaro. Ogni bonus di benvenuto ha requisiti di scommessa modesti, offrendo ai giocatori un&#8217;equa opportunit\u00e0 di prelevare le vincite.<\/p>\n<p>Il regalo di benvenuto di Candy Spinz dimostra la dedizione del casino verso i nuovi membri. I bonus di deposito migliorano il tuo bankroll, mentre i giri gratuiti offrono emozioni e possibilit\u00e0 di vincita su slot selezionate. I nuovi giocatori dovrebbero sapere che i bonus di deposito hanno diversi periodi di attivazione e di scommessa.<\/p>\n<h2>Bonus Senza Deposito Candyspinz<\/h2>\n<p>I giocatori che desiderano provare il Casino Candyspinz senza spendere denaro apprezzano i suoi bonus senza deposito, che vengono aggiornati frequentemente. I nuovi arrivati possono provare giochi con denaro reale senza fare un deposito grazie a questi giri gratuiti Candyspinz e crediti extra.<\/p>\n<p>I giocatori devono creare un account e inserire un codice Candy Spinz per ricevere un incentivo senza deposito. Il tuo account riceve automaticamente incentivo in denaro o giri gratuiti dopo la verifica. Questi bonus hanno requisiti di gioco da soddisfare prima che le vincite possano essere prelevate.<\/p>\n<p>Il casino assegna giri gratuiti senza deposito a slot popolari, permettendo ai giocatori di provarle. Sebbene gli importi del bonus possano sembrare piccoli rispetto agli incentivi basati sul deposito, sono preziosi perch\u00e9 il giocatore non fa alcun impegno di denaro.<\/p>\n<p>I giocatori dovrebbero agire immediatamente quando vengono emessi nuovi codici promozionali Candy Spinz senza deposito, poich\u00e9 hanno disponibilit\u00e0 limitata. Il casino periodicamente fornisce agli abbonati via email incentivo senza deposito esclusivi, dando loro un altro motivo per rimanere coinvolti. Questi incentivi sono un ottimo modo per provare il casino prima di depositare.<\/p>\n<h2>Bonus VIP del Casino Candyspinz<\/h2>\n<p>I membri VIP ricevono incentivi speciali e Candyspinz promozioni personalizzate per migliorare la loro esperienza di gioco. I giocatori guadagnano punti fedelt\u00e0 per avanzare ai livelli VIP, che aumentano il valore e la diversit\u00e0 dei bonus. I livelli VIP pi\u00f9 alti ricevono incentivi esclusivi.<\/p>\n<p>I membri VIP ottengono prelievi pi\u00f9 veloci, limiti di deposito pi\u00f9 alti e incentivo personalizzati. I giocatori VIP possono ottenere il massimo dal cashback fino al 25% settimanale, che \u00e8 una delle caratteristiche pi\u00f9 allettanti del programma.<\/p>\n<p>I giocatori di alto valore possono partecipare a eventi limitati con montepremi pi\u00f9 elevati. Il manager dell&#8217;account personale degli utenti VIP personalizza i codici in base alle loro preferenze e stili di gioco. Incentivi personalizzati per il compleanno, premi anniversario e regali a sorpresa rendono l&#8217;appartenenza VIP eccezionale.<\/p>\n<p>I bonus VIP includono requisiti di scommessa inferiori su varie Candy Spin promozioni, facilitando il prelievo dei fondi bonus. Il casino invita periodicamente i giocatori fedeli a eventi nel mondo reale. Requisiti chiari per ogni livello del programma di affiliazione Candyspinz portano allo status VIP.<\/p>\n<h2>Tornei Attivi di Candyspinz<\/h2>\n<p>Giocare ai tornei su Candyspinz \u00e8 una delle parti pi\u00f9 emozionanti, con molti tornei in esecuzione contemporaneamente su diversi generi di gioco. La serie principale di eventi Spinoleague, la Diamond Season, attira giocatori internazionali con un montepremi di \u20ac3.000.000. Il gioco regolare \u00e8 migliorato da questo ambiente competitivo.<\/p>\n<p>I giochi con croupier dal vivo dominano l&#8217;evento live da \u20ac10.000, creando un ambiente competitivo unico nel gambling in tempo reale. Le classifiche si aggiornano in tempo reale per mantenere i giocatori entusiasti mentre guadagnano punti torneo per scommesse e combinazioni vincenti.<\/p>\n<p>I giocatori devono optare utilizzando il Candyspinz codice e giocare ai giochi qualificanti durante tutto l&#8217;evento per competere. I tornei di slot al casino sono popolari, premiando i vincitori con giri gratuiti e premi in denaro. I tornei del weekend aumentano i moltiplicatori di punti, aiutando i giocatori occasionali a raggiungere le classifiche.<\/p>\n<p>Il calendario Candy Spin promo presenta tornei per festivit\u00e0 ed eventi speciali con temi e premi distintivi. I premi dei tornei non hanno limitazioni di scommessa e vengono assegnati automaticamente. Questi eventi offrono ai giocatori competitivi la possibilit\u00e0 di guadagnare premi e portano senso di comunit\u00e0 al gioco.<\/p>\n<h2>Termini e Condizioni dei Bonus Candy Spinz<\/h2>\n<p>Comprendere i termini e le restrizioni relative alle promozioni Candyspinz affiliato \u00e8 fondamentale per massimizzare il loro valore.<\/p>\n<p>Tutte le offerte Candyspinz bonus prevedono requisiti di scommessa, spesso variabili tra 30x e 40x l&#8217;importo del incentivo, che devono essere soddisfatti prima di prelevare qualsiasi vincita correlata. I bonus senza deposito hanno requisiti di gioco maggiori rispetto alle offerte basate su deposito.<\/p>\n<p>I limiti di tempo sono un altro aspetto importante, poich\u00e9 la maggior parte dei Candy Spin affiliato incentivo ha periodi di validit\u00e0 di 7-30 giorni a seconda della campagna. Giochi come le slot contribuiscono al 100% ai requisiti di scommessa, tuttavia i giochi da tavolo e le alternative con croupier dal vivo possono contribuire solo per il 5-10%.<\/p>\n<p>Poich\u00e9 l&#8217;applicazione retroattiva del Candy Spin codice non \u00e8 possibile, i codici devono essere inseriti precisamente durante la transazione. Il denaro bonus ha una restrizione massima di puntata di \u20ac5 per giro o mano per scoraggiare il gioco ad alto rischio dal completare rapidamente i requisiti di scommessa.<\/p>\n<p>I Candy Spin bonus possono essere specifici per paese. I giocatori non possono combinare i bonus al casino. Indipendentemente dai risultati del incentivo, le vincite dei giri gratuiti sono tipicamente limitate.<\/p>\n<p>I portafogli elettronici possono essere vietati da alcune campagne, quindi i metodi di deposito possono influenzare l&#8217;idoneit\u00e0 al incentivo. Il casino pu\u00f2 modificare o annullare qualsiasi offerta, ma i incentivi richiesti di solito rimangono validi.<\/p>\n<h2>FAQ<\/h2>\n<h3>Come si diventa giocatore VIP del Casino Candyspinz?<\/h3>\n<p>I giocatori VIP del Casino Candyspinz devono essere attivi e dedicati. Scommesse e depositi vengono automaticamente tracciati per determinare il tuo livello VIP. Gli aggiornamenti abilitano benefici maggiori e servizi specializzati. Per i livelli VIP pi\u00f9 alti, il casino invita periodicamente direttamente i giocatori attivi con storie di deposito consistenti. Il gioco regolare con denaro reale \u00e8 il modo migliore per raggiungere lo status VIP.<\/p>\n<h3>Con quale frequenza il Casino Candyspinz offre nuovi bonus?<\/h3>\n<p>Il Casino Candyspinz cambia le sue promozioni regolarmente, con grandi miglioramenti all&#8217;inizio di ogni mese. Le Candyspinz promo stagionali coincidono periodicamente con festivit\u00e0 ed eventi importanti. Con sconti weekend offerti ogni gioved\u00ec, il calendario promozionale del casino mantiene le cose fresche. I giocatori VIP guadagnano incentivo extra, a volte giornalieri, basati sul rango di fedelt\u00e0 e sul livello di partecipazione.<\/p>\n<h3>Posso usare il mio bonus su tutti i giochi del Casino Candy Spinz?<\/h3>\n<p>Il denaro bonus e i giri gratuiti di solito includono limiti di gioco. La maggior parte delle slot permette il gioco con incentivo, tuttavia le slot con RTP elevato potrebbero non essere incluse. Blackjack e roulette spesso contribuiscono per il 5-25% ai requisiti di scommessa. I giochi con croupier dal vivo possono essere esclusi dai incentivo o avere valori di contribuzione bassi. I giri gratuiti sono generalmente limitati ai titoli di slot inclusi nell&#8217;offerta. Controlla le condizioni di ciascun bonus per i giochi qualificanti.<\/p>\n<h3>Come posso richiedere il mio bonus di benvenuto al Casino Candyspinz?<\/h3>\n<p>I bonus di benvenuto del Casino Candyspinz sono facili da richiedere. Crea un account sul sito ufficiale. Assicurati di accettare le promozioni durante la registrazione. Inserisci il codice o scegli il incentivo di benvenuto dal menu a tendina quando effettui un deposito. Per ricevere il bonus, investi almeno \u20ac20. Il tuo primo pacchetto di benvenuto verr\u00e0 accreditato istantaneamente, con il resto accessibile quando effettuerai il secondo e terzo deposito utilizzando i loro codici incentivo.<\/p>\n<h3>Posso richiedere pi\u00f9 di un bonus al Casino Candyspinz?<\/h3>\n<p>No, il Casino Candyspinz ha una regola di un-bonus-attivo-alla-volta. Prima di richiedere un&#8217;altra promozione, completa le scommesse del tuo incentivo. L&#8217;accumulo di incentivo \u00e8 impedito per tutte le promozioni. Dopo aver soddisfatto i requisiti di un bonus corrente, puoi richiederne un altro. Alcuni premi fedelt\u00e0 e privilegi VIP possono funzionare insieme alle promozioni ordinarie a discrezione del casino. Assicurati che ogni promozione candyspinz sia compatibile con le altre leggendo i termini.<\/p>\n<h3>Cosa devo fare se il mio bonus non viene accreditato dopo aver effettuato un deposito?<\/h3>\n<p>Se il tuo incentivo non \u00e8 stato applicato dopo aver effettuato un deposito qualificato, prima assicurati di aver utilizzato il codice candyspinz corretto durante la transazione. Quindi, assicurati che il tuo deposito abbia soddisfatto i criteri minimi e sia stato effettuato utilizzando un metodo di pagamento valido, poich\u00e9 alcuni portafogli elettronici potrebbero essere vietati dalle promozioni. Consenti fino a 15 minuti per l&#8217;elaborazione automatica del sistema. Per un&#8217;assistenza rapida, contatta il servizio clienti tramite chat dal vivo se l&#8217;incentivo non viene visualizzato. Per velocizzare il servizio, prepara l&#8217;importo del tuo deposito, l&#8217;ora e il metodo di pagamento.<\/p>\n<h3>Come posso controllare i termini dei bonus?<\/h3>\n<p>Ogni bonus Candyspinz ha un link &#8220;Termini e Condizioni&#8221; nella sezione &#8220;Promozioni&#8221; del sito web del casino. Clicca su qualsiasi banner promozionale candyspinz per le condizioni complete. L&#8217;area &#8220;I Miei Bonus&#8221; nel dashboard del tuo profilo mostra i progressi delle scommesse e i periodi di validit\u00e0 per i bonus attivi. Se hai domande sui termini del bonus, il supporto via chat dal vivo pu\u00f2 aiutarti immediatamente.<\/p>\n<\/div><\/div>\n","protected":false},"excerpt":{"rendered":"<p>Codici Bonus Candyspinz Cerchi promozioni entusiasmanti per casino? Le promozioni ottimizzano il gioco con ricchi incentivi. Candyspinz offre bonus sia per i nuovi giocatori che per i clienti abituali. Questo casino online si distingue con numerosi Candyspinz giri gratis e fantastici incentivi di deposito. Continua a leggere per le pi\u00f9 recenti offerte promozionali di Candyspinz [&hellip;]<\/p>\n","protected":false},"author":1,"featured_media":0,"parent":0,"menu_order":0,"comment_status":"closed","ping_status":"closed","template":"template-builder.php","meta":{"_acf_changed":false,"inline_featured_image":false,"footnotes":""},"class_list":["post-1383","page","type-page","status-publish","hentry"],"acf":[],"_links":{"self":[{"href":"https:\/\/candyspinzonline.com\/it\/wp-json\/wp\/v2\/pages\/1383","targetHints":{"allow":["GET"]}}],"collection":[{"href":"https:\/\/candyspinzonline.com\/it\/wp-json\/wp\/v2\/pages"}],"about":[{"href":"https:\/\/candyspinzonline.com\/it\/wp-json\/wp\/v2\/types\/page"}],"author":[{"embeddable":true,"href":"https:\/\/candyspinzonline.com\/it\/wp-json\/wp\/v2\/users\/1"}],"replies":[{"embeddable":true,"href":"https:\/\/candyspinzonline.com\/it\/wp-json\/wp\/v2\/comments?post=1383"}],"version-history":[{"count":3,"href":"https:\/\/candyspinzonline.com\/it\/wp-json\/wp\/v2\/pages\/1383\/revisions"}],"predecessor-version":[{"id":1519,"href":"https:\/\/candyspinzonline.com\/it\/wp-json\/wp\/v2\/pages\/1383\/revisions\/1519"}],"wp:attachment":[{"href":"https:\/\/candyspinzonline.com\/it\/wp-json\/wp\/v2\/media?parent=1383"}],"curies":[{"name":"wp","href":"https:\/\/api.w.org\/{rel}","templated":true}]}}