{"id":1213,"date":"2024-10-27T13:48:15","date_gmt":"2024-10-27T13:48:15","guid":{"rendered":"https:\/\/candyspinzonline.com\/kontakt\/"},"modified":"2025-03-28T14:14:34","modified_gmt":"2025-03-28T14:14:34","slug":"kontakt","status":"publish","type":"page","link":"https:\/\/candyspinzonline.com\/it\/kontakt\/","title":{"rendered":"Contatto"},"content":{"rendered":"<h1>Contatto<\/h1>\n<p>Se avete bisogno di informazioni o assistenza, non esitate a contattarci compilando il modulo sottostante. Il nostro team \u00e8 pronto ad aiutarvi e vi risponder\u00e0 al pi\u00f9 presto.<\/p>\n<p class=\"wpcf7-contact-form-not-found\"><strong>Error:<\/strong> Contact form not found.<\/p>\n","protected":false},"excerpt":{"rendered":"<p>Contatto Se avete bisogno di informazioni o assistenza, non esitate a contattarci compilando il modulo sottostante. Il nostro team \u00e8 pronto ad aiutarvi e vi risponder\u00e0 al pi\u00f9 presto.<\/p>\n","protected":false},"author":1,"featured_media":0,"parent":0,"menu_order":0,"comment_status":"closed","ping_status":"closed","template":"template-builder.php","meta":{"_acf_changed":false,"inline_featured_image":false,"footnotes":""},"class_list":["post-1213","page","type-page","status-publish","hentry"],"acf":[],"_links":{"self":[{"href":"https:\/\/candyspinzonline.com\/it\/wp-json\/wp\/v2\/pages\/1213","targetHints":{"allow":["GET"]}}],"collection":[{"href":"https:\/\/candyspinzonline.com\/it\/wp-json\/wp\/v2\/pages"}],"about":[{"href":"https:\/\/candyspinzonline.com\/it\/wp-json\/wp\/v2\/types\/page"}],"author":[{"embeddable":true,"href":"https:\/\/candyspinzonline.com\/it\/wp-json\/wp\/v2\/users\/1"}],"replies":[{"embeddable":true,"href":"https:\/\/candyspinzonline.com\/it\/wp-json\/wp\/v2\/comments?post=1213"}],"version-history":[{"count":1,"href":"https:\/\/candyspinzonline.com\/it\/wp-json\/wp\/v2\/pages\/1213\/revisions"}],"predecessor-version":[{"id":1218,"href":"https:\/\/candyspinzonline.com\/it\/wp-json\/wp\/v2\/pages\/1213\/revisions\/1218"}],"wp:attachment":[{"href":"https:\/\/candyspinzonline.com\/it\/wp-json\/wp\/v2\/media?parent=1213"}],"curies":[{"name":"wp","href":"https:\/\/api.w.org\/{rel}","templated":true}]}}