{"id":1203,"date":"2024-10-27T13:48:15","date_gmt":"2024-10-27T13:48:15","guid":{"rendered":"https:\/\/candyspinzonline.com\/kontakt\/"},"modified":"2025-03-26T14:08:30","modified_gmt":"2025-03-26T14:08:30","slug":"kontakt","status":"publish","type":"page","link":"https:\/\/candyspinzonline.com\/es\/kontakt\/","title":{"rendered":"Contacto"},"content":{"rendered":"<h1>Cont\u00e1ctanos<\/h1>\n<p>Para cualquier informaci\u00f3n o asistencia, no dudes en ponerte en contacto completando el formulario a continuaci\u00f3n. Nuestro equipo est\u00e1 aqu\u00ed para ayudarte y responder\u00e1 a tu consulta lo antes posible.<\/p>\n<p class=\"wpcf7-contact-form-not-found\"><strong>Error:<\/strong> Contact form not found.<\/p>\n","protected":false},"excerpt":{"rendered":"<p>Cont\u00e1ctanos Para cualquier informaci\u00f3n o asistencia, no dudes en ponerte en contacto completando el formulario a continuaci\u00f3n. Nuestro equipo est\u00e1 aqu\u00ed para ayudarte y responder\u00e1 a tu consulta lo antes posible.<\/p>\n","protected":false},"author":1,"featured_media":0,"parent":0,"menu_order":0,"comment_status":"closed","ping_status":"closed","template":"template-builder.php","meta":{"_acf_changed":false,"inline_featured_image":false,"footnotes":""},"class_list":["post-1203","page","type-page","status-publish","hentry"],"acf":[],"_links":{"self":[{"href":"https:\/\/candyspinzonline.com\/es\/wp-json\/wp\/v2\/pages\/1203","targetHints":{"allow":["GET"]}}],"collection":[{"href":"https:\/\/candyspinzonline.com\/es\/wp-json\/wp\/v2\/pages"}],"about":[{"href":"https:\/\/candyspinzonline.com\/es\/wp-json\/wp\/v2\/types\/page"}],"author":[{"embeddable":true,"href":"https:\/\/candyspinzonline.com\/es\/wp-json\/wp\/v2\/users\/1"}],"replies":[{"embeddable":true,"href":"https:\/\/candyspinzonline.com\/es\/wp-json\/wp\/v2\/comments?post=1203"}],"version-history":[{"count":1,"href":"https:\/\/candyspinzonline.com\/es\/wp-json\/wp\/v2\/pages\/1203\/revisions"}],"predecessor-version":[{"id":1207,"href":"https:\/\/candyspinzonline.com\/es\/wp-json\/wp\/v2\/pages\/1203\/revisions\/1207"}],"wp:attachment":[{"href":"https:\/\/candyspinzonline.com\/es\/wp-json\/wp\/v2\/media?parent=1203"}],"curies":[{"name":"wp","href":"https:\/\/api.w.org\/{rel}","templated":true}]}}